{"id":58,"date":"2014-11-24T22:34:32","date_gmt":"2014-11-24T21:34:32","guid":{"rendered":"http:\/\/tennisalm-schneiderbauer.at\/?page_id=58"},"modified":"2022-12-18T09:26:55","modified_gmt":"2022-12-18T08:26:55","slug":"die-alm","status":"publish","type":"page","link":"https:\/\/tennisalm-schneiderbauer.at\/?page_id=58","title":{"rendered":"Die Alm"},"content":{"rendered":"\r\n<p>Die Tennisalm Schneiderbauer befindet sich im Herzen und au\u00dferdem am h\u00f6chsten Punkt<br \/>des Ortes Summerau \u2013 daher ihre Namensgebung.<\/p>\r\n\r\n\r\n\r\n<p>Immer ein freundliches L\u00e4cheln und einen Schm\u00e4h auf den Lippen \u2013 damit sorgen der Eigent\u00fcmer Fritz Glasner und sein Team<br \/>f\u00fcr die bekannt freundliche und lockere Atmosph\u00e4re zwischen Wirt und Gast.<\/p>\r\n\r\n\r\n\r\n<p>Die Tennis \u2013 Hallensaison beginnt mit Anfang Oktober und endet, je nach Witterung, Ende April. Zur Verf\u00fcgung stehen 2 Pl\u00e4tze,<br \/>die mit einem hochwertigen Teppich \u2013 Granulat \u2013 Belag ausgestattet sind. Dieser sehr gelenkschonende Belag bietet Tennisspa\u00df\u00a0f\u00fcr Jung und Alt.<\/p>\r\n\r\n\r\n\r\n<p>Das kulinarische Highlight ist der \u201c<span style=\"color: #f47d28;\"><strong>Almschmaus mit Sondertransport<\/strong><\/span>\u201d. Serviert wird dieses Schmankerl \u201cin der Rein\u201d,\u00a0wo sich ausreichend Surbratl, Geselchtes, Blunzn, Haschee-, Mehl- und Semmelkn\u00f6del, Bratw\u00fcrstel, Kartoffel und<br \/>\u201cSummerauer Lachs\u201d befinden. Als Beilage gibt es nat\u00fcrlich Krautsalat und ein g\u2019schmackiges Safterl.<\/p>\r\n\r\n\r\n\r\n<figure class=\"wp-block-gallery-1 is-layout-flex wp-block-gallery-is-layout-flex\"><img decoding=\"async\" class=\"wp-image-1894\" src=\"https:\/\/tennisalm-schneiderbauer.at\/wp-content\/uploads\/IMG_20190516_161956-1-768x1024.jpg\" alt=\"\" data-id=\"1894\" data-link=\"https:\/\/tennisalm-schneiderbauer.at\/?attachment_id=1894\" \/><\/figure>\r\n<figure><img loading=\"lazy\" decoding=\"async\" width=\"960\" height=\"716\" class=\"wp-image-1130\" src=\"https:\/\/tennisalm-schneiderbauer.at\/wp-content\/uploads\/10433152_10153062937272662_4127647981974343196_n.jpg\" alt=\"\" data-id=\"1130\" data-link=\"https:\/\/tennisalm-schneiderbauer.at\/?attachment_id=1130\" srcset=\"https:\/\/tennisalm-schneiderbauer.at\/wp-content\/uploads\/10433152_10153062937272662_4127647981974343196_n.jpg 960w, https:\/\/tennisalm-schneiderbauer.at\/wp-content\/uploads\/10433152_10153062937272662_4127647981974343196_n-300x224.jpg 300w, https:\/\/tennisalm-schneiderbauer.at\/wp-content\/uploads\/10433152_10153062937272662_4127647981974343196_n-768x573.jpg 768w, https:\/\/tennisalm-schneiderbauer.at\/wp-content\/uploads\/10433152_10153062937272662_4127647981974343196_n-128x95.jpg 128w, https:\/\/tennisalm-schneiderbauer.at\/wp-content\/uploads\/10433152_10153062937272662_4127647981974343196_n-32x24.jpg 32w\" sizes=\"auto, (max-width: 960px) 100vw, 960px\" \/><\/figure>\r\n\r\n\r\n\r\n<p>Der Sondertransport wird nach jedem Essen von den Wirtsleuten pers\u00f6nlich eingel\u00e4utet und serviert.<\/p>\r\n\r\n\r\n\r\n\r\n\r\n<p>Besonders beliebt sind diese Almspezialit\u00e4ten, verbunden mit einer \u00e4u\u00dferst gem\u00fctlichen Atmosph\u00e4re,<br \/>f\u00fcr Feierlichkeiten jeder Art (wie z. B. Geburtstags-, Weihnachts- u. Firmenfeiern, Sausch\u00e4delessen, Gruppenreisen usw.).<\/p>\r\n","protected":false},"excerpt":{"rendered":"<p>Die Tennisalm Schneiderbauer befindet sich im Herzen und au\u00dferdem am h\u00f6chsten Punktdes Ortes Summerau \u2013 daher ihre Namensgebung. Immer ein freundliches L\u00e4cheln und einen Schm\u00e4h auf den Lippen \u2013 damit sorgen der Eigent\u00fcmer Fritz Glasner und sein Teamf\u00fcr die bekannt freundliche und lockere Atmosph\u00e4re zwischen Wirt und Gast. Die Tennis \u2013 Hallensaison beginnt mit Anfang [&hellip;]<\/p>\n","protected":false},"author":1,"featured_media":0,"parent":0,"menu_order":0,"comment_status":"closed","ping_status":"open","template":"template-fullwidth.php","meta":{"footnotes":""},"class_list":["post-58","page","type-page","status-publish","hentry"],"_links":{"self":[{"href":"https:\/\/tennisalm-schneiderbauer.at\/index.php?rest_route=\/wp\/v2\/pages\/58","targetHints":{"allow":["GET"]}}],"collection":[{"href":"https:\/\/tennisalm-schneiderbauer.at\/index.php?rest_route=\/wp\/v2\/pages"}],"about":[{"href":"https:\/\/tennisalm-schneiderbauer.at\/index.php?rest_route=\/wp\/v2\/types\/page"}],"author":[{"embeddable":true,"href":"https:\/\/tennisalm-schneiderbauer.at\/index.php?rest_route=\/wp\/v2\/users\/1"}],"replies":[{"embeddable":true,"href":"https:\/\/tennisalm-schneiderbauer.at\/index.php?rest_route=%2Fwp%2Fv2%2Fcomments&post=58"}],"version-history":[{"count":21,"href":"https:\/\/tennisalm-schneiderbauer.at\/index.php?rest_route=\/wp\/v2\/pages\/58\/revisions"}],"predecessor-version":[{"id":2798,"href":"https:\/\/tennisalm-schneiderbauer.at\/index.php?rest_route=\/wp\/v2\/pages\/58\/revisions\/2798"}],"wp:attachment":[{"href":"https:\/\/tennisalm-schneiderbauer.at\/index.php?rest_route=%2Fwp%2Fv2%2Fmedia&parent=58"}],"curies":[{"name":"wp","href":"https:\/\/api.w.org\/{rel}","templated":true}]}}