{"id":384,"date":"2014-11-27T21:53:26","date_gmt":"2014-11-27T20:53:26","guid":{"rendered":"http:\/\/tennisalm-schneiderbauer.at\/?page_id=384"},"modified":"2022-12-18T09:27:12","modified_gmt":"2022-12-18T08:27:12","slug":"impressum","status":"publish","type":"page","link":"https:\/\/tennisalm-schneiderbauer.at\/?page_id=384","title":{"rendered":"Impressum"},"content":{"rendered":"<p>&#8218;SCHNEIDERBAUER&#8216; Grenzland-Tennisbetriebsgesellschaft m.b.H. &amp; Co KG<br \/>\nSummerau Mitte 49<br \/>\n4261\u00a0Rainbach im M\u00fchlkreis<br \/>\n\u00d6sterreich<\/p>\n<p>+43 (0)7949 6777<br \/>\nfritz[at]tennisalm-schneiderbauer.at<\/p>\n<p>Sportst\u00e4tte und Gastronomie<br \/>\nATU58804823<br \/>\nFirmenbuchnummer: 404w<br \/>\nBezirkshauptmannschaft Freistadt<\/p>\n<p>&nbsp;<\/p>\n<p>&nbsp;<\/p>\n<p>&nbsp;<\/p>\n","protected":false},"excerpt":{"rendered":"<p>&#8218;SCHNEIDERBAUER&#8216; Grenzland-Tennisbetriebsgesellschaft m.b.H. &amp; Co KG Summerau Mitte 49 4261\u00a0Rainbach im M\u00fchlkreis \u00d6sterreich +43 (0)7949 6777 fritz[at]tennisalm-schneiderbauer.at Sportst\u00e4tte und Gastronomie ATU58804823 Firmenbuchnummer: 404w Bezirkshauptmannschaft Freistadt &nbsp; &nbsp; &nbsp;<\/p>\n","protected":false},"author":1,"featured_media":0,"parent":0,"menu_order":0,"comment_status":"closed","ping_status":"open","template":"template-fullwidth.php","meta":{"footnotes":""},"class_list":["post-384","page","type-page","status-publish","hentry"],"_links":{"self":[{"href":"https:\/\/tennisalm-schneiderbauer.at\/index.php?rest_route=\/wp\/v2\/pages\/384","targetHints":{"allow":["GET"]}}],"collection":[{"href":"https:\/\/tennisalm-schneiderbauer.at\/index.php?rest_route=\/wp\/v2\/pages"}],"about":[{"href":"https:\/\/tennisalm-schneiderbauer.at\/index.php?rest_route=\/wp\/v2\/types\/page"}],"author":[{"embeddable":true,"href":"https:\/\/tennisalm-schneiderbauer.at\/index.php?rest_route=\/wp\/v2\/users\/1"}],"replies":[{"embeddable":true,"href":"https:\/\/tennisalm-schneiderbauer.at\/index.php?rest_route=%2Fwp%2Fv2%2Fcomments&post=384"}],"version-history":[{"count":14,"href":"https:\/\/tennisalm-schneiderbauer.at\/index.php?rest_route=\/wp\/v2\/pages\/384\/revisions"}],"predecessor-version":[{"id":2851,"href":"https:\/\/tennisalm-schneiderbauer.at\/index.php?rest_route=\/wp\/v2\/pages\/384\/revisions\/2851"}],"wp:attachment":[{"href":"https:\/\/tennisalm-schneiderbauer.at\/index.php?rest_route=%2Fwp%2Fv2%2Fmedia&parent=384"}],"curies":[{"name":"wp","href":"https:\/\/api.w.org\/{rel}","templated":true}]}}